{"id":8,"date":"2017-08-25T14:58:51","date_gmt":"2017-08-25T14:58:51","guid":{"rendered":"http:\/\/gomezdelrio.com.ar\/?page_id=8"},"modified":"2017-08-26T15:12:59","modified_gmt":"2017-08-26T15:12:59","slug":"inicio","status":"publish","type":"page","link":"http:\/\/gomezdelrio.com.ar\/","title":{"rendered":"Confianza, trayectoria y logros"},"content":{"rendered":"<p>Con m\u00e1s de 40 a\u00f1os en C\u00f3rdoba, <strong>G\u00f3mez del R\u00edo y Asociados<\/strong> brinda servicios profesionales para sus necesidades jur\u00eddicas.<\/p>\n","protected":false},"excerpt":{"rendered":"<p>Con m\u00e1s de 40 a\u00f1os en C\u00f3rdoba, G\u00f3mez del R\u00edo y Asociados brinda servicios profesionales para sus necesidades jur\u00eddicas.<\/p>\n","protected":false},"author":2,"featured_media":17,"parent":0,"menu_order":0,"comment_status":"closed","ping_status":"closed","template":"page-templates\/front-page.php","meta":{"spay_email":""},"jetpack_sharing_enabled":true,"jetpack_shortlink":"https:\/\/wp.me\/P96q6T-8","_links":{"self":[{"href":"http:\/\/gomezdelrio.com.ar\/index.php?rest_route=\/wp\/v2\/pages\/8"}],"collection":[{"href":"http:\/\/gomezdelrio.com.ar\/index.php?rest_route=\/wp\/v2\/pages"}],"about":[{"href":"http:\/\/gomezdelrio.com.ar\/index.php?rest_route=\/wp\/v2\/types\/page"}],"author":[{"embeddable":true,"href":"http:\/\/gomezdelrio.com.ar\/index.php?rest_route=\/wp\/v2\/users\/2"}],"replies":[{"embeddable":true,"href":"http:\/\/gomezdelrio.com.ar\/index.php?rest_route=%2Fwp%2Fv2%2Fcomments&post=8"}],"version-history":[{"count":6,"href":"http:\/\/gomezdelrio.com.ar\/index.php?rest_route=\/wp\/v2\/pages\/8\/revisions"}],"predecessor-version":[{"id":135,"href":"http:\/\/gomezdelrio.com.ar\/index.php?rest_route=\/wp\/v2\/pages\/8\/revisions\/135"}],"wp:featuredmedia":[{"embeddable":true,"href":"http:\/\/gomezdelrio.com.ar\/index.php?rest_route=\/wp\/v2\/media\/17"}],"wp:attachment":[{"href":"http:\/\/gomezdelrio.com.ar\/index.php?rest_route=%2Fwp%2Fv2%2Fmedia&parent=8"}],"curies":[{"name":"wp","href":"https:\/\/api.w.org\/{rel}","templated":true}]}}